{"id":15,"date":"2021-04-25T18:48:03","date_gmt":"2021-04-25T18:48:03","guid":{"rendered":"https:\/\/www.odlahelalivet.se\/?page_id=15"},"modified":"2021-05-14T18:38:12","modified_gmt":"2021-05-14T18:38:12","slug":"kontakt","status":"publish","type":"page","link":"https:\/\/www.odlahelalivet.se\/?page_id=15","title":{"rendered":"Kontakt"},"content":{"rendered":"\n<p>Detta \u00e4r en sida med viss grundl\u00e4ggande kontaktinformation, s\u00e5som adress och telefonnummer. Du kan \u00e4ven prova n\u00e5got till\u00e4gg f\u00f6r att l\u00e4gga till ett kontaktformul\u00e4r.<\/p>\n","protected":false},"excerpt":{"rendered":"<p>Detta \u00e4r en sida med viss grundl\u00e4ggande kontaktinformation, s\u00e5som adress och telefonnummer. Du kan \u00e4ven prova n\u00e5got till\u00e4gg f\u00f6r att l\u00e4gga till ett kontaktformul\u00e4r.<\/p>\n","protected":false},"author":1,"featured_media":0,"parent":0,"menu_order":0,"comment_status":"closed","ping_status":"closed","template":"templates\/organic-custom-template.php","meta":{"footnotes":""},"class_list":["post-15","page","type-page","status-publish","hentry"],"jetpack_sharing_enabled":true,"_links":{"self":[{"href":"https:\/\/www.odlahelalivet.se\/index.php?rest_route=\/wp\/v2\/pages\/15","targetHints":{"allow":["GET"]}}],"collection":[{"href":"https:\/\/www.odlahelalivet.se\/index.php?rest_route=\/wp\/v2\/pages"}],"about":[{"href":"https:\/\/www.odlahelalivet.se\/index.php?rest_route=\/wp\/v2\/types\/page"}],"author":[{"embeddable":true,"href":"https:\/\/www.odlahelalivet.se\/index.php?rest_route=\/wp\/v2\/users\/1"}],"replies":[{"embeddable":true,"href":"https:\/\/www.odlahelalivet.se\/index.php?rest_route=%2Fwp%2Fv2%2Fcomments&post=15"}],"version-history":[{"count":1,"href":"https:\/\/www.odlahelalivet.se\/index.php?rest_route=\/wp\/v2\/pages\/15\/revisions"}],"predecessor-version":[{"id":21,"href":"https:\/\/www.odlahelalivet.se\/index.php?rest_route=\/wp\/v2\/pages\/15\/revisions\/21"}],"wp:attachment":[{"href":"https:\/\/www.odlahelalivet.se\/index.php?rest_route=%2Fwp%2Fv2%2Fmedia&parent=15"}],"curies":[{"name":"wp","href":"https:\/\/api.w.org\/{rel}","templated":true}]}}